{"id":2,"date":"2026-01-02T13:05:40","date_gmt":"2026-01-02T06:05:40","guid":{"rendered":"https:\/\/www.demo.vietnamweb.asia\/?page_id=2"},"modified":"2026-01-02T13:05:17","modified_gmt":"2026-01-02T06:05:17","slug":"trang-chu","status":"publish","type":"page","link":"https:\/\/opne88.com\/","title":{"rendered":"Opne88 &#8211; Trang Ch\u1ee7 Open88 | \u0110\u0103ng K\u00fd T\u00e0i Kho\u1ea3n T\u1eb7ng 68k Tr\u1ea3i Nghi\u1ec7m"},"content":{"rendered":"<h2><span style=\"font-size: 110%; color: #f99b1c;\"><strong>TRANG CH\u1ee6 \u0110\u0102NG NH\u1eacP NH\u00c0 C\u00c1I OPEN88<\/strong><\/span><\/h2>\n<p>Link trang t\u1ed5ng v\u00e0o Opne88 ch\u00ednh th\u1ee9c c\u1eadp nh\u1eadt ng\u00e0y h\u00f4m nay m\u1edbi nh\u1ea5t:<\/p>\n<div class=\"row row-small\"  id=\"row-1645022885\">\n\n\t<div id=\"col-511636006\" class=\"col medium-4 small-12 large-4\"  >\n\t\t\t\t<div class=\"col-inner\"  >\n\t\t\t\n\t\t\t\n\t<div class=\"img has-hover x md-x lg-x y md-y lg-y\" id=\"image_1214303990\">\n\t\t<a class=\"\" href=\"https:\/\/linkquangcao.com\/kfqi\" >\t\t\t\t\t\t<div class=\"img-inner dark\" >\n\t\t\t<img loading=\"lazy\" decoding=\"async\" width=\"400\" height=\"188\" src=\"https:\/\/opne88.com\/wp-content\/uploads\/2025\/03\/dang-ky.webp\" class=\"attachment-original size-original\" alt=\"\u0110\u0103ng k\u00fd nh\u00e0 c\u00e1i\" srcset=\"https:\/\/opne88.com\/wp-content\/uploads\/2025\/03\/dang-ky.webp 400w, https:\/\/opne88.com\/wp-content\/uploads\/2025\/03\/dang-ky-300x141.webp 300w\" sizes=\"auto, (max-width: 400px) 100vw, 400px\" \/>\t\t\t\t\t\t\n\t\t\t\t\t<\/div>\n\t\t\t\t\t\t<\/a>\t\t\n<style>\n#image_1214303990 {\n  width: 100%;\n}\n<\/style>\n\t<\/div>\n\t\n\t\t<\/div>\n\t\t\t\t\t<\/div>\n\n\t\n\n\t<div id=\"col-1329834790\" class=\"col medium-4 small-12 large-4\"  >\n\t\t\t\t<div class=\"col-inner\"  >\n\t\t\t\n\t\t\t\n\t<div class=\"img has-hover x md-x lg-x y md-y lg-y\" id=\"image_87488184\">\n\t\t<a class=\"\" href=\"https:\/\/linkquangcao.com\/kfqi\" >\t\t\t\t\t\t<div class=\"img-inner dark\" >\n\t\t\t<img loading=\"lazy\" decoding=\"async\" width=\"400\" height=\"188\" src=\"https:\/\/opne88.com\/wp-content\/uploads\/2025\/03\/dang-nhap.webp\" class=\"attachment-original size-original\" alt=\"\u0110\u0103ng nh\u1eadp t\u1ea3i app\" srcset=\"https:\/\/opne88.com\/wp-content\/uploads\/2025\/03\/dang-nhap.webp 400w, https:\/\/opne88.com\/wp-content\/uploads\/2025\/03\/dang-nhap-300x141.webp 300w\" sizes=\"auto, (max-width: 400px) 100vw, 400px\" \/>\t\t\t\t\t\t\n\t\t\t\t\t<\/div>\n\t\t\t\t\t\t<\/a>\t\t\n<style>\n#image_87488184 {\n  width: 100%;\n}\n<\/style>\n\t<\/div>\n\t\n\t\t<\/div>\n\t\t\t\t\t<\/div>\n\n\t\n\n\t<div id=\"col-648657444\" class=\"col medium-4 small-12 large-4\"  >\n\t\t\t\t<div class=\"col-inner\"  >\n\t\t\t\n\t\t\t\n\t<div class=\"img has-hover x md-x lg-x y md-y lg-y\" id=\"image_906143028\">\n\t\t<a class=\"\" href=\"https:\/\/linkquangcao.com\/kfqi\" >\t\t\t\t\t\t<div class=\"img-inner dark\" >\n\t\t\t<img loading=\"lazy\" decoding=\"async\" width=\"400\" height=\"188\" src=\"https:\/\/opne88.com\/wp-content\/uploads\/2025\/03\/khuyen-mai.webp\" class=\"attachment-original size-original\" alt=\"Khuy\u1ebfn m\u00e3i th\u00e0nh vi\u00ean\" srcset=\"https:\/\/opne88.com\/wp-content\/uploads\/2025\/03\/khuyen-mai.webp 400w, https:\/\/opne88.com\/wp-content\/uploads\/2025\/03\/khuyen-mai-300x141.webp 300w\" sizes=\"auto, (max-width: 400px) 100vw, 400px\" \/>\t\t\t\t\t\t\n\t\t\t\t\t<\/div>\n\t\t\t\t\t\t<\/a>\t\t\n<style>\n#image_906143028 {\n  width: 100%;\n}\n<\/style>\n\t<\/div>\n\t\n\t\t<\/div>\n\t\t\t\t\t<\/div>\n\n\t\n<\/div>\n\t<div id=\"gap-877194697\" class=\"gap-element clearfix\" style=\"display:block; height:auto;\">\n\t\t\n<style>\n#gap-877194697 {\n  padding-top: 16px;\n}\n<\/style>\n\t<\/div>\n\t\n\t<div id=\"gap-471942383\" class=\"gap-element clearfix\" style=\"display:block; height:auto;\">\n\t\t\n<style>\n#gap-471942383 {\n  padding-top: 15px;\n}\n<\/style>\n\t<\/div>\n\t\n<p><em><strong>Disclaimer (Tuy\u00ean b\u1ed1 mi\u1ec5n tr\u1eeb):<\/strong> <\/em>M\u1ecdi th\u00f4ng tin \u0111\u01b0\u1ee3c \u0111\u0103ng t\u1ea3i tr\u00ean Opne88.com nh\u1eb1m ph\u1ee5c v\u1ee5 nhu c\u1ea7u t\u00ecm hi\u1ec3u c\u1ee7a ng\u01b0\u1eddi d\u00f9ng h\u1ee3p ph\u00e1p. Opne88 win kh\u00f4ng \u0111\u01b0a ra l\u1eddi m\u1eddi g\u1ecdi hay khuy\u1ebfn ngh\u1ecb tham gia c\u00e1 c\u01b0\u1ee3c. Do \u0111\u00f3, c\u00e1c t\u1ed5n th\u1ea5t ho\u1eb7c tranh ch\u1ea5p ph\u00e1t sinh t\u1eeb b\u00ean th\u1ee9 ba s\u1ebd \u0111\u01b0\u1ee3c mi\u1ec5n tr\u1eeb tr\u00e1ch nhi\u1ec7m ho\u00e0n to\u00e0n \u0111\u1ed1i v\u1edbi trang.<\/p>\n<h2 class=\"tieu-de uppercase\"><span style=\"color: #3366ff;\"><strong>FAQ &#8211; Gi\u1ea3i \u0111\u00e1p th\u1eafc m\u1eafc v\u1ec1 nh\u00e0 c\u00e1i OPEN88<\/strong><\/span><\/h2>\n<div class=\"accordion\"><\/div>\n\t<div id=\"accordion-1205657697\" class=\"accordion-item\">\n\t\t<a id=\"accordion-1205657697-label\" class=\"accordion-title plain\" href=\"#accordion-item-\u0110\u0103ng-nh\u1eadp-&#038;-\u0110\u0103ng-k\u00fd-open88-.casino-tr\u00ean-trang-n\u00e0o?\" aria-expanded=\"false\" aria-controls=\"accordion-1205657697-content\" >\n\t\t\t<button class=\"toggle\" aria-label=\"Chuy\u1ec3n \u0111\u1ed5i\"><i class=\"icon-angle-down\"><\/i><\/button>\n\t\t\t<span>\u0110\u0103ng nh\u1eadp &amp; \u0110\u0103ng k\u00fd Open88 .casino tr\u00ean trang n\u00e0o?<\/span>\n\t\t<\/a>\n\t\t<div id=\"accordion-1205657697-content\" class=\"accordion-inner\" aria-labelledby=\"accordion-1205657697-label\" >\n\t\t\t\n<p><span style=\"color: #3366ff;\">C\u00e1c trang \u0111\u0103ng nh\u1eadp v\u00e0 \u0111\u0103ng k\u00fd t\u00e0i kho\u1ea3n Opne88. com:<\/span><\/p>\n<ul>\n<li><span style=\"color: #3366ff;\">Opne88.casino<\/span><\/li>\n<li><span style=\"color: #3366ff;\">Opne 888.com<\/span><\/li>\n<li><span style=\"color: #3366ff;\">Opne88 . pro<\/span><\/li>\n<li><span style=\"color: #3366ff;\">Open8888. game<\/span><\/li>\n<li><span style=\"color: #3366ff;\">Opne88 8.bet<\/span><\/li>\n<\/ul>\n<p>#trangchuopen88 #dangnhapopen88 #dangkyopen88 #taiappopen88 #appopen88 #open88bet #open88casino<\/p>\n<p>#trangchuopne88 #dangnhapopne88 #dangkyopne88 #taiappopne88 #appopne88 #opne88bet #opne88casino<\/p>\n\t\t<\/div>\n\t<\/div>\n\t\n\t<div id=\"accordion-3925051359\" class=\"accordion-item\">\n\t\t<a id=\"accordion-3925051359-label\" class=\"accordion-title plain\" href=\"#accordion-item-%20c\u00e1c-h\u00ecnh-th\u1ee9c-giao-d\u1ecbch-ch\u00ednh-tr\u00ean-opne-88-com?\" aria-expanded=\"false\" aria-controls=\"accordion-3925051359-content\" >\n\t\t\t<button class=\"toggle\" aria-label=\"Chuy\u1ec3n \u0111\u1ed5i\"><i class=\"icon-angle-down\"><\/i><\/button>\n\t\t\t<span> C\u00e1c h\u00ecnh th\u1ee9c giao d\u1ecbch ch\u00ednh tr\u00ean Opne 88 com?<\/span>\n\t\t<\/a>\n\t\t<div id=\"accordion-3925051359-content\" class=\"accordion-inner\" aria-labelledby=\"accordion-3925051359-label\" >\n\t\t\t\n<p><span style=\"color: #3366ff;\">Trang ch\u1ee7 Open88 game h\u1ed7 tr\u1ee3 h\u00ecnh th\u1ee9c giao d\u1ecbch<\/span><\/p>\n<ul>\n<li><span style=\"color: #3366ff;\">Giao \u0111\u1ecbch b\u1eb1ng s\u1ed1 t\u00e0i kho\u1ea3n ng\u00e2n h\u00e0ng<\/span><\/li>\n<li><span style=\"color: #3366ff;\">Giao d\u1ecbch qu\u00e9t m\u00e3 QR<\/span><\/li>\n<li><span style=\"color: #3366ff;\">Giao d\u1ecbch qua v\u00ed \u0111i\u1ec7n t\u1eed ( Momo, Viettel Pay, zalo Pay..)<\/span><\/li>\n<li><span style=\"color: #3366ff;\">Giao d\u1ecbch qua v\u00ed ti\u1ec1n \u1ea3o ( USDT).<\/span><\/li>\n<\/ul>\n\t\t<\/div>\n\t<\/div>\n\t\n\t<div id=\"accordion-3496792178\" class=\"accordion-item\">\n\t\t<a id=\"accordion-3496792178-label\" class=\"accordion-title plain\" href=\"#accordion-item-d\u1ecbch-v\u1ee5-cskh-t\u1ea1i-open88-bet-c\u00f3-chuy\u00ean-nghi\u1ec7p-kh\u00f4ng?\" aria-expanded=\"false\" aria-controls=\"accordion-3496792178-content\" >\n\t\t\t<button class=\"toggle\" aria-label=\"Chuy\u1ec3n \u0111\u1ed5i\"><i class=\"icon-angle-down\"><\/i><\/button>\n\t\t\t<span>D\u1ecbch v\u1ee5 CSKH t\u1ea1i Open88 bet c\u00f3 chuy\u00ean nghi\u1ec7p kh\u00f4ng?<\/span>\n\t\t<\/a>\n\t\t<div id=\"accordion-3496792178-content\" class=\"accordion-inner\" aria-labelledby=\"accordion-3496792178-label\" >\n\t\t\t\n<p><span style=\"color: #3366ff;\">Nh\u00e2n vi\u00ean CSKH t\u1ea1i trang Open88 \u0111\u01b0\u1ee3c \u0111\u00e0o t\u1ea1o chuy\u00ean nghi\u1ec7p \u1ee9ng ph\u00f3 x\u1eed l\u00fd t\u00ecnh hu\u1ed1ng nhanh, giao ti\u1ebfp l\u1ecbch s\u1ef1 t\u00f4n tr\u1ecdng ng\u01b0\u1eddi ch\u01a1i. Ho\u1ea1t \u0111\u1ed9ng 24\/7 ch\u1ec9 c\u1ea7n ng\u01b0\u1eddi ch\u01a1i li\u00ean h\u1ec7 s\u1ebd \u0111\u01b0\u1ee3c h\u1ed7 tr\u1ee3 ngay l\u1eadp t\u1ee9c \u0111em \u0111\u1ebfn tr\u1ea3i nghi\u1ec7m t\u1ed1t nh\u1ea5t cho ng\u01b0\u1eddi ch\u01a1i.<\/span><\/p>\n\t\t<\/div>\n\t<\/div>\n\t\n\t<div id=\"accordion-3205319318\" class=\"accordion-item\">\n\t\t<a id=\"accordion-3205319318-label\" class=\"accordion-title plain\" href=\"#accordion-item-c\u00f3-r\u00fat-\u0111\u01b0\u1ee3c-ti\u1ec1n-tr\u00ean-opne-88-kh\u00f4ng?\" aria-expanded=\"false\" aria-controls=\"accordion-3205319318-content\" >\n\t\t\t<button class=\"toggle\" aria-label=\"Chuy\u1ec3n \u0111\u1ed5i\"><i class=\"icon-angle-down\"><\/i><\/button>\n\t\t\t<span>C\u00f3 r\u00fat \u0111\u01b0\u1ee3c ti\u1ec1n tr\u00ean Opne 88 kh\u00f4ng?<\/span>\n\t\t<\/a>\n\t\t<div id=\"accordion-3205319318-content\" class=\"accordion-inner\" aria-labelledby=\"accordion-3205319318-label\" >\n\t\t\t\n<p><span style=\"color: #3366ff;\">Ng\u01b0\u1eddi ch\u01a1i ho\u00e0n to\u00e0n r\u00fat \u0111\u01b0\u1ee3c ti\u1ec1n khi \u0111\u00e3 \u0111\u1ee7 \u0111i\u1ec1u ki\u1ec7n ( ho\u00e0n th\u00e0nh s\u1ed1 v\u00f2ng c\u01b0\u1ee3c theo quy \u0111\u1ecbnh v\u00e0 s\u1ef1 ki\u1ec7n khuy\u1ebfn m\u00e3i). Giao d\u1ecbch kh\u00f4ng m\u1ea5t ph\u00ed th\u1eddi gian x\u1eed l\u00fd t\u1eeb 1 &#8211; 5 ph\u00fat.<\/span><\/p>\n\t\t<\/div>\n\t<\/div>\n\t\n","protected":false},"excerpt":{"rendered":"<p>TRANG CH\u1ee6 \u0110\u0102NG NH\u1eacP NH\u00c0 C\u00c1I OPEN88 Link trang t\u1ed5ng v\u00e0o Opne88 ch\u00ednh th\u1ee9c c\u1eadp nh\u1eadt ng\u00e0y h\u00f4m nay m\u1edbi nh\u1ea5t: Disclaimer (Tuy\u00ean b\u1ed1 mi\u1ec5n tr\u1eeb): M\u1ecdi th\u00f4ng tin \u0111\u01b0\u1ee3c \u0111\u0103ng t\u1ea3i tr\u00ean Opne88.com nh\u1eb1m ph\u1ee5c v\u1ee5 nhu c\u1ea7u t\u00ecm hi\u1ec3u c\u1ee7a ng\u01b0\u1eddi d\u00f9ng h\u1ee3p ph\u00e1p. Opne88 win kh\u00f4ng \u0111\u01b0a ra l\u1eddi m\u1eddi g\u1ecdi hay&#8230;<\/p>\n","protected":false},"author":1,"featured_media":0,"parent":0,"menu_order":0,"comment_status":"closed","ping_status":"open","template":"page-right-sidebar.php","meta":{"footnotes":""},"class_list":["post-2","page","type-page","status-publish","hentry"],"_links":{"self":[{"href":"https:\/\/opne88.com\/index.php?rest_route=\/wp\/v2\/pages\/2","targetHints":{"allow":["GET"]}}],"collection":[{"href":"https:\/\/opne88.com\/index.php?rest_route=\/wp\/v2\/pages"}],"about":[{"href":"https:\/\/opne88.com\/index.php?rest_route=\/wp\/v2\/types\/page"}],"author":[{"embeddable":true,"href":"https:\/\/opne88.com\/index.php?rest_route=\/wp\/v2\/users\/1"}],"replies":[{"embeddable":true,"href":"https:\/\/opne88.com\/index.php?rest_route=%2Fwp%2Fv2%2Fcomments&post=2"}],"version-history":[{"count":54,"href":"https:\/\/opne88.com\/index.php?rest_route=\/wp\/v2\/pages\/2\/revisions"}],"predecessor-version":[{"id":633,"href":"https:\/\/opne88.com\/index.php?rest_route=\/wp\/v2\/pages\/2\/revisions\/633"}],"wp:attachment":[{"href":"https:\/\/opne88.com\/index.php?rest_route=%2Fwp%2Fv2%2Fmedia&parent=2"}],"curies":[{"name":"wp","href":"https:\/\/api.w.org\/{rel}","templated":true}]}}